{"id":1461,"date":"2021-11-01T15:35:20","date_gmt":"2021-11-01T14:35:20","guid":{"rendered":"https:\/\/shop.lomestar.de\/0023-5115\/?page_id=1461"},"modified":"2023-09-15T10:59:05","modified_gmt":"2023-09-15T08:59:05","slug":"hilfe","status":"publish","type":"page","link":"https:\/\/shop.lomestar.de\/0023-5115\/hilfe\/","title":{"rendered":"Hilfe"},"content":{"rendered":"\n<h2 class=\"wp-block-heading\" id=\"block-e11c3c51-2e2d-46f9-8ab2-e657a3fc4a6f\">Wer ist mein Ansprechpartner?<\/h2>\n\n\n\n<p id=\"block-a8863823-ad7d-4395-9f13-a9186dd82fea\">Dein Ansprechpartner ist J\u00f6rg Dr\u00fcke.<\/p>\n\n\n\n<h2 class=\"wp-block-heading\" id=\"block-a2c21cdb-1e9e-4d65-9075-c8a3d6e4f6db\">Wo finde ich die Ma\u00dftabellen und wie nutze ich diese?<\/h2>\n\n\n\n<p id=\"block-44a02880-e037-48c5-9005-b60a0b5e7307\">Die Ma\u00dftabellen zur Gr\u00f6\u00dfenermittlung sind bei jedem Artikel hinterlegt. Dazu einfach ein \u00e4hnliches Textil aus dem Kleiderschrank, dass dir gut passt vor dich hinlegen und dieses von oben nach unten und von links nach rechts (unter den Achseln) vermessen. Diese Ma\u00dfe dann mit der angegebenen Tabelle vergleichen und deine Gr\u00f6\u00dfe w\u00e4hlen.<\/p>\n\n\n\n<h2 class=\"wp-block-heading\" id=\"block-60411225-3be2-4251-8e79-7338ec9ae25a\">Wie l\u00e4uft die Bezahlung ab?<\/h2>\n\n\n\n<p id=\"block-bbc605af-5843-4b07-900c-6d19de54c5c5\">Bitte \u00fcberweise den Gesamtbetrag auf folgendes Konto:<\/p>\n\n\n\n<p>Kontoinhaber: J\u00f6rg Dr\u00fcke <br>IBAN: DE79 2004 1133 0298 1900 00<br>Verwendungszweck: Name und Bestellnummer<\/p>\n\n\n\n<h2 class=\"wp-block-heading\" id=\"block-7255fb14-e990-424c-b239-4ef397c483e9\">Wann erhalte ich meine bestellten Textilien?<\/h2>\n\n\n\n<p>Der Bestellzeitraum l\u00e4uft voraussichtlich bis zum 22.10.2034. Danach wird die Bestellung nach R\u00fccksprache mit den Ansprechpartnern der Schule ausgel\u00f6st und die Produktion in die Wege geleitet. Von da an dauert es ca. 25 Arbeitstage bis deine Textilien gefertigt worden sind.<\/p>\n\n\n\n<p><strong>Hinweis:<\/strong>&nbsp;Sollte unsere Mindestbestellmenge von 25 bis dahin nicht erreicht sein, kann sich die Lieferung auf unbestimmte Zeit verz\u00f6gern.<\/p>\n\n\n\n<p>Bei Fragen wende dich bitte an deine Ansprechpartner.<\/p>\n","protected":false},"excerpt":{"rendered":"<p>Wer ist mein Ansprechpartner? Dein Ansprechpartner ist J\u00f6rg Dr\u00fcke. Wo finde ich die Ma\u00dftabellen und wie nutze ich diese? Die Ma\u00dftabellen zur Gr\u00f6\u00dfenermittlung sind bei jedem Artikel hinterlegt. Dazu einfach ein \u00e4hnliches Textil aus dem Kleiderschrank, dass dir gut passt vor dich hinlegen und dieses von oben nach unten und von links nach rechts (unter [&hellip;]<\/p>\n","protected":false},"author":1,"featured_media":1442,"parent":0,"menu_order":0,"comment_status":"closed","ping_status":"closed","template":"","meta":{"footnotes":""},"class_list":["post-1461","page","type-page","status-publish","has-post-thumbnail","hentry"],"_links":{"self":[{"href":"https:\/\/shop.lomestar.de\/0023-5115\/wp-json\/wp\/v2\/pages\/1461","targetHints":{"allow":["GET"]}}],"collection":[{"href":"https:\/\/shop.lomestar.de\/0023-5115\/wp-json\/wp\/v2\/pages"}],"about":[{"href":"https:\/\/shop.lomestar.de\/0023-5115\/wp-json\/wp\/v2\/types\/page"}],"author":[{"embeddable":true,"href":"https:\/\/shop.lomestar.de\/0023-5115\/wp-json\/wp\/v2\/users\/1"}],"replies":[{"embeddable":true,"href":"https:\/\/shop.lomestar.de\/0023-5115\/wp-json\/wp\/v2\/comments?post=1461"}],"version-history":[{"count":7,"href":"https:\/\/shop.lomestar.de\/0023-5115\/wp-json\/wp\/v2\/pages\/1461\/revisions"}],"predecessor-version":[{"id":1768,"href":"https:\/\/shop.lomestar.de\/0023-5115\/wp-json\/wp\/v2\/pages\/1461\/revisions\/1768"}],"wp:featuredmedia":[{"embeddable":true,"href":"https:\/\/shop.lomestar.de\/0023-5115\/wp-json\/wp\/v2\/media\/1442"}],"wp:attachment":[{"href":"https:\/\/shop.lomestar.de\/0023-5115\/wp-json\/wp\/v2\/media?parent=1461"}],"curies":[{"name":"wp","href":"https:\/\/api.w.org\/{rel}","templated":true}]}}