{"id":5,"date":"2018-09-11T14:52:39","date_gmt":"2018-09-11T12:52:39","guid":{"rendered":"http:\/\/shop.lomestar.de\/0023-5115\/warenkorb\/"},"modified":"2023-09-15T11:01:07","modified_gmt":"2023-09-15T09:01:07","slug":"warenkorb","status":"publish","type":"page","link":"https:\/\/shop.lomestar.de\/0023-5115\/warenkorb\/","title":{"rendered":"Warenkorb"},"content":{"rendered":"\n\n\n<p class=\"has-black-color has-text-color\">Bitte \u00fcberweist <strong>den Gesamtbetrag bis zum 22.10.2023<\/strong> auf folgendes Konto:<br><mark style=\"background-color:rgba(0, 0, 0, 0)\" class=\"has-inline-color has-vivid-red-color\">Inhaber: J\u00f6rg Dr\u00fcke<\/mark><strong><mark style=\"background-color:rgba(0, 0, 0, 0)\" class=\"has-inline-color has-vivid-red-color\"><br>IBAN: <\/mark><\/strong><mark style=\"background-color:rgba(0, 0, 0, 0)\" class=\"has-inline-color has-vivid-red-color\"><strong>DE<\/strong>79 2004 1133 0298 1900 00<\/mark><strong><mark style=\"background-color:rgba(0, 0, 0, 0)\" class=\"has-inline-color has-vivid-red-color\"><br><\/mark><\/strong> <\/p>\n\n\n\n<p> Als <strong>Verwendungszweck<\/strong> gebt bitte euren <strong>Namen und die Bestellnummer<\/strong> an. <\/p>\n","protected":false},"excerpt":{"rendered":"<p>Bitte \u00fcberweist den Gesamtbetrag bis zum 22.10.2023 auf folgendes Konto:Inhaber: J\u00f6rg Dr\u00fckeIBAN: DE79 2004 1133 0298 1900 00 Als Verwendungszweck gebt bitte euren Namen und die Bestellnummer an.<\/p>\n","protected":false},"author":1,"featured_media":1442,"parent":0,"menu_order":0,"comment_status":"closed","ping_status":"closed","template":"","meta":{"footnotes":""},"class_list":["post-5","page","type-page","status-publish","has-post-thumbnail","hentry"],"_links":{"self":[{"href":"https:\/\/shop.lomestar.de\/0023-5115\/wp-json\/wp\/v2\/pages\/5","targetHints":{"allow":["GET"]}}],"collection":[{"href":"https:\/\/shop.lomestar.de\/0023-5115\/wp-json\/wp\/v2\/pages"}],"about":[{"href":"https:\/\/shop.lomestar.de\/0023-5115\/wp-json\/wp\/v2\/types\/page"}],"author":[{"embeddable":true,"href":"https:\/\/shop.lomestar.de\/0023-5115\/wp-json\/wp\/v2\/users\/1"}],"replies":[{"embeddable":true,"href":"https:\/\/shop.lomestar.de\/0023-5115\/wp-json\/wp\/v2\/comments?post=5"}],"version-history":[{"count":7,"href":"https:\/\/shop.lomestar.de\/0023-5115\/wp-json\/wp\/v2\/pages\/5\/revisions"}],"predecessor-version":[{"id":1770,"href":"https:\/\/shop.lomestar.de\/0023-5115\/wp-json\/wp\/v2\/pages\/5\/revisions\/1770"}],"wp:featuredmedia":[{"embeddable":true,"href":"https:\/\/shop.lomestar.de\/0023-5115\/wp-json\/wp\/v2\/media\/1442"}],"wp:attachment":[{"href":"https:\/\/shop.lomestar.de\/0023-5115\/wp-json\/wp\/v2\/media?parent=5"}],"curies":[{"name":"wp","href":"https:\/\/api.w.org\/{rel}","templated":true}]}}