{"id":1004,"date":"2020-09-24T15:01:36","date_gmt":"2020-09-24T13:01:36","guid":{"rendered":"http:\/\/shop.lomestar.de\/2481-2068\/?page_id=1004"},"modified":"2025-11-12T11:01:28","modified_gmt":"2025-11-12T10:01:28","slug":"hilfe","status":"publish","type":"page","link":"https:\/\/shop.lomestar.de\/2481-2068\/hilfe\/","title":{"rendered":"Hilfe"},"content":{"rendered":"\n<figure class=\"wp-block-image size-large\"><a href=\"https:\/\/lomestar.de\/textildruck\/\" target=\"_blank\" rel=\"noopener\"><img loading=\"lazy\" decoding=\"async\" width=\"1024\" height=\"200\" src=\"https:\/\/shop.lomestar.de\/2481-2068\/wp-content\/uploads\/sites\/36\/2021\/02\/Banner_TD-1024x200.jpg\" alt=\"\" class=\"wp-image-1220\" srcset=\"https:\/\/shop.lomestar.de\/2481-2068\/wp-content\/uploads\/sites\/36\/2021\/02\/Banner_TD-1024x200.jpg 1024w, https:\/\/shop.lomestar.de\/2481-2068\/wp-content\/uploads\/sites\/36\/2021\/02\/Banner_TD-300x59.jpg 300w, https:\/\/shop.lomestar.de\/2481-2068\/wp-content\/uploads\/sites\/36\/2021\/02\/Banner_TD-768x150.jpg 768w, https:\/\/shop.lomestar.de\/2481-2068\/wp-content\/uploads\/sites\/36\/2021\/02\/Banner_TD-1536x300.jpg 1536w, https:\/\/shop.lomestar.de\/2481-2068\/wp-content\/uploads\/sites\/36\/2021\/02\/Banner_TD-2048x400.jpg 2048w, https:\/\/shop.lomestar.de\/2481-2068\/wp-content\/uploads\/sites\/36\/2021\/02\/Banner_TD-416x81.jpg 416w\" sizes=\"auto, (max-width: 1024px) 100vw, 1024px\" \/><\/a><\/figure>\n\n\n\n<h2 class=\"wp-block-heading\">Wer ist mein Ansprechpartner?<\/h2>\n\n\n\n<p>Deine Ansprechpartnerin ist Rebecca Gonsalves.<\/p>\n\n\n\n<h2 class=\"wp-block-heading\">Wo finde ich die Ma\u00dftabellen und wie nutze ich diese?<\/h2>\n\n\n\n<p>Die Ma\u00dftabellen zur Gr\u00f6\u00dfenermittlung sind bei jedem Artikel hinterlegt. Dazu einfach ein \u00e4hnliches Textil aus dem Kleiderschrank, dass dir gut passt vor dich hinlegen und dieses von oben nach unten und von links nach rechts (unter den Achseln) vermessen. Diese Ma\u00dfe dann mit der angegebenen Tabelle vergleichen und deine Gr\u00f6\u00dfe w\u00e4hlen.<\/p>\n\n\n\n<h2 class=\"wp-block-heading\">Wie l\u00e4uft die Bezahlung ab?<\/h2>\n\n\n\n<p>Den Gesamtbetrag bitte direkt per Paypal an Herrn Zarif senden: zarif.hom@gmail.com<\/p>\n\n\n\n<h2 class=\"wp-block-heading\">Wann erhalte ich meine Textilien? <\/h2>\n\n\n\n<p>Der Bestellzeitraum l\u00e4uft voraussichtlich bis zum 16.11.2025. Danach wird die Bestellung nach R\u00fccksprache mit den Ansprechpartnern der Schule ausgel\u00f6st und die Produktion in die Wege geleitet. Von da an dauert es ca. 25 Arbeitstage bis deine veredelten Textilien als Sammelsendung an die Schule gesendet werden.<\/p>\n\n\n\n<p><strong>Hinweis:<\/strong>&nbsp;Sollte unsere Mindestbestellmenge von 25 bis dahin nicht erreicht sein, kann sich die Lieferung auf unbestimmte Zeit verz\u00f6gern.<\/p>\n\n\n\n<p>Bei Fragen wende dich bitte an deinen Ansprechpartner.<\/p>\n\n\n\n<p class=\"has-white-color has-text-color\"><strong>Hinweis:<\/strong>&nbsp;Sollte unsere Mindestbestellmenge von 25 bis dahin nicht erreicht sein, kann sich die Lieferung auf unbestimmte Zeit verz\u00f6gern.<\/p>\n","protected":false},"excerpt":{"rendered":"<p>Wer ist mein Ansprechpartner? Deine Ansprechpartnerin ist Rebecca Gonsalves. Wo finde ich die Ma\u00dftabellen und wie nutze ich diese? Die Ma\u00dftabellen zur Gr\u00f6\u00dfenermittlung sind bei jedem Artikel hinterlegt. Dazu einfach ein \u00e4hnliches Textil aus dem Kleiderschrank, dass dir gut passt vor dich hinlegen und dieses von oben nach unten und von links nach rechts (unter [&hellip;]<\/p>\n","protected":false},"author":1,"featured_media":0,"parent":0,"menu_order":0,"comment_status":"closed","ping_status":"closed","template":"","meta":{"footnotes":""},"class_list":["post-1004","page","type-page","status-publish","hentry"],"_links":{"self":[{"href":"https:\/\/shop.lomestar.de\/2481-2068\/wp-json\/wp\/v2\/pages\/1004","targetHints":{"allow":["GET"]}}],"collection":[{"href":"https:\/\/shop.lomestar.de\/2481-2068\/wp-json\/wp\/v2\/pages"}],"about":[{"href":"https:\/\/shop.lomestar.de\/2481-2068\/wp-json\/wp\/v2\/types\/page"}],"author":[{"embeddable":true,"href":"https:\/\/shop.lomestar.de\/2481-2068\/wp-json\/wp\/v2\/users\/1"}],"replies":[{"embeddable":true,"href":"https:\/\/shop.lomestar.de\/2481-2068\/wp-json\/wp\/v2\/comments?post=1004"}],"version-history":[{"count":23,"href":"https:\/\/shop.lomestar.de\/2481-2068\/wp-json\/wp\/v2\/pages\/1004\/revisions"}],"predecessor-version":[{"id":2182,"href":"https:\/\/shop.lomestar.de\/2481-2068\/wp-json\/wp\/v2\/pages\/1004\/revisions\/2182"}],"wp:attachment":[{"href":"https:\/\/shop.lomestar.de\/2481-2068\/wp-json\/wp\/v2\/media?parent=1004"}],"curies":[{"name":"wp","href":"https:\/\/api.w.org\/{rel}","templated":true}]}}