{"id":5,"date":"2018-09-11T14:52:39","date_gmt":"2018-09-11T12:52:39","guid":{"rendered":"http:\/\/shop.lomestar.de\/2791-2546\/warenkorb\/"},"modified":"2025-08-01T10:25:47","modified_gmt":"2025-08-01T08:25:47","slug":"warenkorb","status":"publish","type":"page","link":"https:\/\/shop.lomestar.de\/2791-2546\/warenkorb\/","title":{"rendered":"Warenkorb"},"content":{"rendered":"\n\n\n<p>Den Gesamtbetrag bitte auf das Konto des F\u00f6rdervereins \u00fcberweisen.<\/p>\n\n\n\n<p>Bitte nutzen Sie folgenden Verwendungszweck: Name des Kindes &amp; Klasse<\/p>\n\n\n\n<p><strong>Entweder \u00fcber PayPal an die Mailadresse:                                                                                                               fv.martinusschule.kaster@gmail.com<\/strong><\/p>\n\n\n\n<p><strong>Oder auf das Bankkonto: <\/strong><\/p>\n\n\n\n<p><strong>KSK K\u00f6ln<\/strong><\/p>\n\n\n\n<p><strong>IBAN: DE42 3705 0299 0187 0037 26<\/strong><\/p>\n\n\n\n<p><strong>BIC: COKSDE33XXX<\/strong><\/p>\n\n\n\n<p>Zur Info: Ein kleiner Teil Ein kleiner Teil der Kaufsumme kommt dem F\u00f6rderverein zu Gute<\/p>\n\n\n\n<p><\/p>\n\n\n\n<figure class=\"wp-block-image size-large\"><a href=\"https:\/\/lomestar.de\/textildruck\/\" target=\"_blank\" rel=\"noopener\"><img loading=\"lazy\" decoding=\"async\" width=\"1024\" height=\"200\" src=\"https:\/\/shop.lomestar.de\/2791-2546\/wp-content\/uploads\/sites\/90\/2022\/04\/Banner_TD-1024x200.jpg\" alt=\"\" class=\"wp-image-1086\" srcset=\"https:\/\/shop.lomestar.de\/2791-2546\/wp-content\/uploads\/sites\/90\/2022\/04\/Banner_TD-1024x200.jpg 1024w, https:\/\/shop.lomestar.de\/2791-2546\/wp-content\/uploads\/sites\/90\/2022\/04\/Banner_TD-300x59.jpg 300w, https:\/\/shop.lomestar.de\/2791-2546\/wp-content\/uploads\/sites\/90\/2022\/04\/Banner_TD-768x150.jpg 768w, https:\/\/shop.lomestar.de\/2791-2546\/wp-content\/uploads\/sites\/90\/2022\/04\/Banner_TD-1536x300.jpg 1536w, https:\/\/shop.lomestar.de\/2791-2546\/wp-content\/uploads\/sites\/90\/2022\/04\/Banner_TD-2048x400.jpg 2048w, https:\/\/shop.lomestar.de\/2791-2546\/wp-content\/uploads\/sites\/90\/2022\/04\/Banner_TD-416x81.jpg 416w\" sizes=\"auto, (max-width: 1024px) 100vw, 1024px\" \/><\/a><\/figure>\n","protected":false},"excerpt":{"rendered":"<p>Den Gesamtbetrag bitte auf das Konto des F\u00f6rdervereins \u00fcberweisen. Bitte nutzen Sie folgenden Verwendungszweck: Name des Kindes &amp; Klasse Entweder \u00fcber PayPal an die Mailadresse: fv.martinusschule.kaster@gmail.com Oder auf das Bankkonto: KSK K\u00f6ln IBAN: DE42 3705 0299 0187 0037 26 BIC: COKSDE33XXX Zur Info: Ein kleiner Teil Ein kleiner Teil der Kaufsumme kommt dem F\u00f6rderverein zu [&hellip;]<\/p>\n","protected":false},"author":1,"featured_media":0,"parent":0,"menu_order":0,"comment_status":"closed","ping_status":"closed","template":"","meta":{"footnotes":""},"class_list":["post-5","page","type-page","status-publish","hentry"],"_links":{"self":[{"href":"https:\/\/shop.lomestar.de\/2791-2546\/wp-json\/wp\/v2\/pages\/5","targetHints":{"allow":["GET"]}}],"collection":[{"href":"https:\/\/shop.lomestar.de\/2791-2546\/wp-json\/wp\/v2\/pages"}],"about":[{"href":"https:\/\/shop.lomestar.de\/2791-2546\/wp-json\/wp\/v2\/types\/page"}],"author":[{"embeddable":true,"href":"https:\/\/shop.lomestar.de\/2791-2546\/wp-json\/wp\/v2\/users\/1"}],"replies":[{"embeddable":true,"href":"https:\/\/shop.lomestar.de\/2791-2546\/wp-json\/wp\/v2\/comments?post=5"}],"version-history":[{"count":13,"href":"https:\/\/shop.lomestar.de\/2791-2546\/wp-json\/wp\/v2\/pages\/5\/revisions"}],"predecessor-version":[{"id":1681,"href":"https:\/\/shop.lomestar.de\/2791-2546\/wp-json\/wp\/v2\/pages\/5\/revisions\/1681"}],"wp:attachment":[{"href":"https:\/\/shop.lomestar.de\/2791-2546\/wp-json\/wp\/v2\/media?parent=5"}],"curies":[{"name":"wp","href":"https:\/\/api.w.org\/{rel}","templated":true}]}}