{"id":776,"date":"2018-10-16T10:33:24","date_gmt":"2018-10-16T08:33:24","guid":{"rendered":"http:\/\/shop.lomestar.de\/2791-2546\/?post_type=product&#038;p=776"},"modified":"2025-07-31T15:12:09","modified_gmt":"2025-07-31T13:12:09","slug":"pullover","status":"publish","type":"product","link":"https:\/\/shop.lomestar.de\/2791-2546\/produkt\/pullover\/","title":{"rendered":"Hoodie &#8211; Men"},"content":{"rendered":"<p>Die Ma\u00dftabellen zur Gr\u00f6\u00dfenermittlung sind bei jedem Artikel hinterlegt. Dazu einfach ein \u00e4hnliches Textil aus dem Kleiderschrank, dass dir gut passt vor dich hinlegen und dieses von oben nach unten und von links nach rechts (unter den Achseln) vermessen. Diese Ma\u00dfe dann mit der angegebenen Tabelle vergleichen und deine Gr\u00f6\u00dfe w\u00e4hlen.<\/p>\n","protected":false},"excerpt":{"rendered":"<p>Grammtur:\u00a0 280 g\/m\u00b2<br \/>\nMaterial:\u00a0 80% Baumwolle, 20% Polyester<\/p>\n","protected":false},"featured_media":1202,"template":"","meta":[],"product_brand":[],"product_cat":[17],"product_tag":[45,44,46,22,47,43],"class_list":{"0":"post-776","1":"product","2":"type-product","3":"status-publish","4":"has-post-thumbnail","6":"product_cat-hoodies","7":"product_tag-hoodie","8":"product_tag-kapuze","9":"product_tag-langarm","10":"product_tag-men","11":"product_tag-oberteil","12":"product_tag-pulli","14":"first","15":"instock","16":"shipping-taxable","17":"product-type-variable"},"_links":{"self":[{"href":"https:\/\/shop.lomestar.de\/2791-2546\/wp-json\/wp\/v2\/product\/776","targetHints":{"allow":["GET"]}}],"collection":[{"href":"https:\/\/shop.lomestar.de\/2791-2546\/wp-json\/wp\/v2\/product"}],"about":[{"href":"https:\/\/shop.lomestar.de\/2791-2546\/wp-json\/wp\/v2\/types\/product"}],"wp:featuredmedia":[{"embeddable":true,"href":"https:\/\/shop.lomestar.de\/2791-2546\/wp-json\/wp\/v2\/media\/1202"}],"wp:attachment":[{"href":"https:\/\/shop.lomestar.de\/2791-2546\/wp-json\/wp\/v2\/media?parent=776"}],"wp:term":[{"taxonomy":"product_brand","embeddable":true,"href":"https:\/\/shop.lomestar.de\/2791-2546\/wp-json\/wp\/v2\/product_brand?post=776"},{"taxonomy":"product_cat","embeddable":true,"href":"https:\/\/shop.lomestar.de\/2791-2546\/wp-json\/wp\/v2\/product_cat?post=776"},{"taxonomy":"product_tag","embeddable":true,"href":"https:\/\/shop.lomestar.de\/2791-2546\/wp-json\/wp\/v2\/product_tag?post=776"}],"curies":[{"name":"wp","href":"https:\/\/api.w.org\/{rel}","templated":true}]}}