{"id":1004,"date":"2020-09-24T15:01:36","date_gmt":"2020-09-24T13:01:36","guid":{"rendered":"http:\/\/shop.lomestar.de\/5745-8621\/?page_id=1004"},"modified":"2022-01-13T12:11:05","modified_gmt":"2022-01-13T11:11:05","slug":"hilfe","status":"publish","type":"page","link":"https:\/\/shop.lomestar.de\/5745-8621\/hilfe\/","title":{"rendered":"Hilfe"},"content":{"rendered":"\n<p><strong><span class=\"has-inline-color has-vivid-red-color\">Wer ist mein Ansprechpartner?<br><\/span><\/strong>Deine Ansprechpartnerin ist Frau Lohbreier.<\/p>\n\n\n\n<p><strong><span class=\"has-inline-color has-vivid-red-color\">Wo finde ich die Ma\u00dftabellen und wie nutze ich diese?<br><\/span><\/strong>Die Ma\u00dftabellen zur Gr\u00f6\u00dfenermittlung sind bei jedem Artikel hinterlegt. Dazu einfach ein \u00e4hnliches Kleidungsst\u00fcck, das dir gut passt, aus deinem Kleiderschrank nehmen und dieses von oben nach unten und von links nach rechts (unter den Achseln) vermessen. Diese Ma\u00dfe dann mit der angegebenen Tabelle vergleichen und deine Gr\u00f6\u00dfe w\u00e4hlen.<\/p>\n\n\n\n<p><strong><span class=\"has-inline-color has-vivid-red-color\">Kann ich die Textilien auch anprobieren?<br><\/span><\/strong>Eine Anprobe ist aufgrund der Hygieneregeln zur Zeit nicht m\u00f6glich. Nutze bitte die angegebenen Ma\u00dftabellen.<\/p>\n\n\n\n<p><strong><span class=\"has-inline-color has-vivid-red-color\">Wann erhalte ich meine bestellten Textilien?<br><\/span><\/strong><\/p>\n\n\n\n<p>Der Bestellzeitraum l\u00e4uft voraussichtlich bis zum XX.XX.20XX. Danach wird die Bestellung nach R\u00fccksprache mit den Ansprechpartnern der Schule ausgel\u00f6st und die Produktion in die Wege geleitet. Von da an dauert es ca. 25 Arbeitstage bis deine Textilien gefertigt worden sind.<\/p>\n\n\n\n<p><strong>Hinweis:<\/strong>&nbsp;Sollte unsere Mindestbestellmenge von 25 bis dahin nicht erreicht sein, kann sich die Lieferung auf unbestimmte Zeit verz\u00f6gern.<\/p>\n\n\n\n<p>Bei Fragen wende dich bitte an deine Ansprechpartner.<\/p>\n\n\n\n<h5 class=\"wp-block-heading\"><\/h5>\n\n\n\n<p><span class=\"has-inline-color has-vivid-red-color\"><strong>Wie l\u00e4uft die Bezahlung ab?<\/strong><\/span><\/p>\n\n\n\n<p> Wenn du &#8220;weiter zur Kasse&#8221; gehst werden dir die verschiedenen Zahlungsm\u00f6glichkeiten angezeigt. <\/p>\n","protected":false},"excerpt":{"rendered":"<p>Wer ist mein Ansprechpartner?Deine Ansprechpartnerin ist Frau Lohbreier. Wo finde ich die Ma\u00dftabellen und wie nutze ich diese?Die Ma\u00dftabellen zur Gr\u00f6\u00dfenermittlung sind bei jedem Artikel hinterlegt. Dazu einfach ein \u00e4hnliches Kleidungsst\u00fcck, das dir gut passt, aus deinem Kleiderschrank nehmen und dieses von oben nach unten und von links nach rechts (unter den Achseln) vermessen. Diese [&hellip;]<\/p>\n","protected":false},"author":1,"featured_media":1278,"parent":0,"menu_order":0,"comment_status":"closed","ping_status":"closed","template":"","meta":{"footnotes":""},"class_list":["post-1004","page","type-page","status-publish","has-post-thumbnail","hentry"],"_links":{"self":[{"href":"https:\/\/shop.lomestar.de\/5745-8621\/wp-json\/wp\/v2\/pages\/1004","targetHints":{"allow":["GET"]}}],"collection":[{"href":"https:\/\/shop.lomestar.de\/5745-8621\/wp-json\/wp\/v2\/pages"}],"about":[{"href":"https:\/\/shop.lomestar.de\/5745-8621\/wp-json\/wp\/v2\/types\/page"}],"author":[{"embeddable":true,"href":"https:\/\/shop.lomestar.de\/5745-8621\/wp-json\/wp\/v2\/users\/1"}],"replies":[{"embeddable":true,"href":"https:\/\/shop.lomestar.de\/5745-8621\/wp-json\/wp\/v2\/comments?post=1004"}],"version-history":[{"count":13,"href":"https:\/\/shop.lomestar.de\/5745-8621\/wp-json\/wp\/v2\/pages\/1004\/revisions"}],"predecessor-version":[{"id":1322,"href":"https:\/\/shop.lomestar.de\/5745-8621\/wp-json\/wp\/v2\/pages\/1004\/revisions\/1322"}],"wp:featuredmedia":[{"embeddable":true,"href":"https:\/\/shop.lomestar.de\/5745-8621\/wp-json\/wp\/v2\/media\/1278"}],"wp:attachment":[{"href":"https:\/\/shop.lomestar.de\/5745-8621\/wp-json\/wp\/v2\/media?parent=1004"}],"curies":[{"name":"wp","href":"https:\/\/api.w.org\/{rel}","templated":true}]}}