{"id":1004,"date":"2020-09-24T15:01:36","date_gmt":"2020-09-24T13:01:36","guid":{"rendered":"http:\/\/shop.lomestar.de\/5954-3694\/?page_id=1004"},"modified":"2025-01-20T09:13:31","modified_gmt":"2025-01-20T08:13:31","slug":"hilfe","status":"publish","type":"page","link":"https:\/\/shop.lomestar.de\/5954-3694\/hilfe\/","title":{"rendered":"Hilfe"},"content":{"rendered":"\n<h2 class=\"wp-block-heading\">Wer ist mein Ansprechpartner?<\/h2>\n\n\n\n<p>Der F\u00f6rderverein \u00fcbernimmt die Organisation. Der Ansprechpartner ist Herr J\u00f6rg.<\/p>\n\n\n\n<h2 class=\"wp-block-heading\">Wo finde ich die Ma\u00dftabellen und wie nutze ich diese?<\/h2>\n\n\n\n<p>Die Ma\u00dftabellen zur Gr\u00f6\u00dfenermittlung sind bei jedem Artikel hinterlegt. Dazu einfach ein \u00e4hnliches Textil aus dem Kleiderschrank, dass dir gut passt vor dich hinlegen und dieses von oben nach unten und von links nach rechts (unter den Achseln) vermessen. Diese Ma\u00dfe dann mit der angegebenen Tabelle vergleichen und deine Gr\u00f6\u00dfe w\u00e4hlen.<\/p>\n\n\n\n<h2 class=\"wp-block-heading\">Wie l\u00e4uft die Bezahlung ab?<\/h2>\n\n\n\n<p>Bitte \u00fcberweise das Geld bis zum <strong>25.01.2025<\/strong> an folgendes Konto:<br><strong>Kontoinhaber:<\/strong> Freundes Gymnasiums Freiham e.V. <br><strong>IBAN:<\/strong> DE13701500001005902448 <br><strong>BIC: <\/strong>SSKMDEMMXXX <strong><br>Verwendungszweck:<\/strong> Name, Klasse, Bestellnr.<\/p>\n\n\n\n<h2 class=\"wp-block-heading\"> Gibt es ein Umtauschrecht? <\/h2>\n\n\n\n<p>Ein Umtauschrecht besteht bei individuell nach Kundenw\u00fcnschen&nbsp;veredelten Textilien nicht.<br>Eine Reklamation&nbsp;von fehlerhafter Ware oder falscher Lieferung ist nat\u00fcrlich&nbsp;ausgenommen. <\/p>\n\n\n\n<h2 class=\"wp-block-heading\">Wann erhalte ich meine bestellten Textilien?<\/h2>\n\n\n\n<p>Der Bestellzeitraum wurde verl\u00e4ngert und l\u00e4uft voraussichtlich bis zum 07.02.2025. Danach wird die Bestellung nach R\u00fccksprache mit den Ansprechpartnern der Schule ausgel\u00f6st und die Produktion in die Wege geleitet. Von da an dauert es ca. 25 Arbeitstage bis deine Textilien gefertigt worden sind.<\/p>\n\n\n\n<p><strong>Hinweis:<\/strong> Sollte unsere Mindestbestellmenge von 25 bis dahin nicht erreicht sein, kann sich die Lieferung auf unbestimmte Zeit verz\u00f6gern.<\/p>\n\n\n\n<p>Bei Fragen wende dich bitte an deine Ansprechpartner.<\/p>\n\n\n\n<h2 class=\"wp-block-heading\">Hinweis<\/h2>\n\n\n\n<p>Einen kleinen Betrag des Erl\u00f6ses erh\u00e4lt der F\u00f6rderverein, um Schulprojekte umsetzen zu k\u00f6nnen.<\/p>\n\n\n\n<figure class=\"wp-block-image size-full\"><a href=\"https:\/\/www.freunde-gymfh.de\/\" target=\"_blank\" rel=\"noopener\"><img loading=\"lazy\" decoding=\"async\" width=\"431\" height=\"100\" src=\"https:\/\/shop.lomestar.de\/5954-3694\/wp-content\/uploads\/sites\/72\/2022\/01\/freunde_gymnasium_freiham_100px.png\" alt=\"\" class=\"wp-image-1085\" srcset=\"https:\/\/shop.lomestar.de\/5954-3694\/wp-content\/uploads\/sites\/72\/2022\/01\/freunde_gymnasium_freiham_100px.png 431w, https:\/\/shop.lomestar.de\/5954-3694\/wp-content\/uploads\/sites\/72\/2022\/01\/freunde_gymnasium_freiham_100px-300x70.png 300w, https:\/\/shop.lomestar.de\/5954-3694\/wp-content\/uploads\/sites\/72\/2022\/01\/freunde_gymnasium_freiham_100px-416x97.png 416w\" sizes=\"auto, (max-width: 431px) 100vw, 431px\" \/><\/a><\/figure>\n","protected":false},"excerpt":{"rendered":"<p>Wer ist mein Ansprechpartner? Der F\u00f6rderverein \u00fcbernimmt die Organisation. Der Ansprechpartner ist Herr J\u00f6rg. Wo finde ich die Ma\u00dftabellen und wie nutze ich diese? Die Ma\u00dftabellen zur Gr\u00f6\u00dfenermittlung sind bei jedem Artikel hinterlegt. Dazu einfach ein \u00e4hnliches Textil aus dem Kleiderschrank, dass dir gut passt vor dich hinlegen und dieses von oben nach unten und [&hellip;]<\/p>\n","protected":false},"author":1,"featured_media":0,"parent":0,"menu_order":0,"comment_status":"closed","ping_status":"closed","template":"","meta":{"footnotes":""},"class_list":["post-1004","page","type-page","status-publish","hentry"],"_links":{"self":[{"href":"https:\/\/shop.lomestar.de\/5954-3694\/wp-json\/wp\/v2\/pages\/1004","targetHints":{"allow":["GET"]}}],"collection":[{"href":"https:\/\/shop.lomestar.de\/5954-3694\/wp-json\/wp\/v2\/pages"}],"about":[{"href":"https:\/\/shop.lomestar.de\/5954-3694\/wp-json\/wp\/v2\/types\/page"}],"author":[{"embeddable":true,"href":"https:\/\/shop.lomestar.de\/5954-3694\/wp-json\/wp\/v2\/users\/1"}],"replies":[{"embeddable":true,"href":"https:\/\/shop.lomestar.de\/5954-3694\/wp-json\/wp\/v2\/comments?post=1004"}],"version-history":[{"count":25,"href":"https:\/\/shop.lomestar.de\/5954-3694\/wp-json\/wp\/v2\/pages\/1004\/revisions"}],"predecessor-version":[{"id":2452,"href":"https:\/\/shop.lomestar.de\/5954-3694\/wp-json\/wp\/v2\/pages\/1004\/revisions\/2452"}],"wp:attachment":[{"href":"https:\/\/shop.lomestar.de\/5954-3694\/wp-json\/wp\/v2\/media?parent=1004"}],"curies":[{"name":"wp","href":"https:\/\/api.w.org\/{rel}","templated":true}]}}