{"id":1598,"date":"2021-07-28T08:11:04","date_gmt":"2021-07-28T06:11:04","guid":{"rendered":"https:\/\/shop.lomestar.de\/7994-7183\/?page_id=1598"},"modified":"2022-07-25T11:49:23","modified_gmt":"2022-07-25T09:49:23","slug":"hilfe","status":"publish","type":"page","link":"https:\/\/shop.lomestar.de\/7994-7183\/hilfe\/","title":{"rendered":"Hilfe"},"content":{"rendered":"\n<figure class=\"wp-block-image size-large\"><a href=\"https:\/\/lomestar.de\/abi-shirts\/\" target=\"_blank\" rel=\"noopener\"><img loading=\"lazy\" decoding=\"async\" width=\"1024\" height=\"200\" src=\"https:\/\/shop.lomestar.de\/7994-7183\/wp-content\/uploads\/sites\/26\/2021\/02\/Banner_Abi-1024x200.jpg\" alt=\"\" class=\"wp-image-1583\" srcset=\"https:\/\/shop.lomestar.de\/7994-7183\/wp-content\/uploads\/sites\/26\/2021\/02\/Banner_Abi-1024x200.jpg 1024w, https:\/\/shop.lomestar.de\/7994-7183\/wp-content\/uploads\/sites\/26\/2021\/02\/Banner_Abi-300x59.jpg 300w, https:\/\/shop.lomestar.de\/7994-7183\/wp-content\/uploads\/sites\/26\/2021\/02\/Banner_Abi-768x150.jpg 768w, https:\/\/shop.lomestar.de\/7994-7183\/wp-content\/uploads\/sites\/26\/2021\/02\/Banner_Abi-1536x300.jpg 1536w, https:\/\/shop.lomestar.de\/7994-7183\/wp-content\/uploads\/sites\/26\/2021\/02\/Banner_Abi-2048x400.jpg 2048w, https:\/\/shop.lomestar.de\/7994-7183\/wp-content\/uploads\/sites\/26\/2021\/02\/Banner_Abi-416x81.jpg 416w\" sizes=\"auto, (max-width: 1024px) 100vw, 1024px\" \/><\/a><\/figure>\n\n\n\n<h2 class=\"wp-block-heading\">Wer ist mein Ansprechpartner?<\/h2>\n\n\n\n<p>Deine Ansprechpartnerin ist Felicia Stetz und die SV deiner Schule.<\/p>\n\n\n\n<h2 class=\"wp-block-heading\">Wo finde ich die Ma\u00dftabellen und wie nutze ich diese?<\/h2>\n\n\n\n<p>Die Ma\u00dftabellen zur Gr\u00f6\u00dfenermittlung sind bei jedem Artikel hinterlegt. Dazu einfach ein \u00e4hnliches Textil aus dem Kleiderschrank, dass dir gut passt vor dich hinlegen und dieses von oben nach unten und von links nach rechts (unter den Achseln) vermessen. Diese Ma\u00dfe dann mit der angegebenen Tabelle vergleichen und deine Gr\u00f6\u00dfe w\u00e4hlen.<\/p>\n\n\n\n<h2 class=\"wp-block-heading\">Wie l\u00e4uft die Bezahlung ab?<\/h2>\n\n\n\n<p>Bitte den Gesamtbetrag auf folgendes Konto \u00fcberweisen:<\/p>\n\n\n\n<p><strong>Adolf-Weber Gymnasium<br>DE65 7015 0000 1002 7396 03<\/strong><\/p>\n\n\n\n<p>Als Verwendungszweck den Namen, die Klasse und \u201eSchulkleidung\u201c angeben.<\/p>\n\n\n\n<h2 class=\"wp-block-heading\">Wann erhalte ich meine bestellten Textilien?<\/h2>\n\n\n\n<p>Aktuell ist keine Bestellung m\u00f6glich.<\/p>\n\n\n\n<p>Der Bestellzeitraum l\u00e4uft voraussichtlich bis zum XX.XX.XXXX. Danach wird die Bestellung nach R\u00fccksprache mit den Ansprechpartnern der Schule ausgel\u00f6st und die Produktion in die Wege geleitet. Von da an dauert es ca. 25 Arbeitstage bis deine Textilien gefertigt worden sind.<\/p>\n\n\n\n<p><strong>Hinweis:<\/strong>&nbsp;Sollte unsere Mindestbestellmenge von 25 bis dahin nicht erreicht sein, kann sich die Lieferung auf unbestimmte Zeit verz\u00f6gern.<\/p>\n\n\n\n<p>Bei Fragen wende dich bitte an deine Ansprechpartner.<\/p>\n","protected":false},"excerpt":{"rendered":"<p>Wer ist mein Ansprechpartner? Deine Ansprechpartnerin ist Felicia Stetz und die SV deiner Schule. Wo finde ich die Ma\u00dftabellen und wie nutze ich diese? Die Ma\u00dftabellen zur Gr\u00f6\u00dfenermittlung sind bei jedem Artikel hinterlegt. Dazu einfach ein \u00e4hnliches Textil aus dem Kleiderschrank, dass dir gut passt vor dich hinlegen und dieses von oben nach unten und [&hellip;]<\/p>\n","protected":false},"author":6,"featured_media":0,"parent":0,"menu_order":0,"comment_status":"closed","ping_status":"closed","template":"","meta":{"footnotes":""},"class_list":["post-1598","page","type-page","status-publish","hentry"],"_links":{"self":[{"href":"https:\/\/shop.lomestar.de\/7994-7183\/wp-json\/wp\/v2\/pages\/1598","targetHints":{"allow":["GET"]}}],"collection":[{"href":"https:\/\/shop.lomestar.de\/7994-7183\/wp-json\/wp\/v2\/pages"}],"about":[{"href":"https:\/\/shop.lomestar.de\/7994-7183\/wp-json\/wp\/v2\/types\/page"}],"author":[{"embeddable":true,"href":"https:\/\/shop.lomestar.de\/7994-7183\/wp-json\/wp\/v2\/users\/6"}],"replies":[{"embeddable":true,"href":"https:\/\/shop.lomestar.de\/7994-7183\/wp-json\/wp\/v2\/comments?post=1598"}],"version-history":[{"count":12,"href":"https:\/\/shop.lomestar.de\/7994-7183\/wp-json\/wp\/v2\/pages\/1598\/revisions"}],"predecessor-version":[{"id":1985,"href":"https:\/\/shop.lomestar.de\/7994-7183\/wp-json\/wp\/v2\/pages\/1598\/revisions\/1985"}],"wp:attachment":[{"href":"https:\/\/shop.lomestar.de\/7994-7183\/wp-json\/wp\/v2\/media?parent=1598"}],"curies":[{"name":"wp","href":"https:\/\/api.w.org\/{rel}","templated":true}]}}