{"id":1774,"date":"2022-04-13T15:00:10","date_gmt":"2022-04-13T13:00:10","guid":{"rendered":"https:\/\/shop.lomestar.de\/7994-7183\/?post_type=product&#038;p=1774"},"modified":"2022-04-14T11:09:35","modified_gmt":"2022-04-14T09:09:35","slug":"hoodie-unisex","status":"publish","type":"product","link":"https:\/\/shop.lomestar.de\/7994-7183\/produkt\/hoodie-unisex\/","title":{"rendered":"Hoodie Unisex"},"content":{"rendered":"<p>Die Ma\u00dftabellen zur Gr\u00f6\u00dfenermittlung sind bei jedem Artikel hinterlegt.<br \/>\nDazu einfach ein \u00e4hnliches Textil aus dem Kleiderschrank, das dir gut passt vor dich hinlegen und dieses von oben nach unten und von links nach rechts (unter den Achseln) vermessen.<br \/>\nDiese Ma\u00dfe dann mit der angegebenen Tabelle vergleichen und deine Gr\u00f6\u00dfe w\u00e4hlen.<\/p>\n<p>&nbsp;<\/p>\n","protected":false},"excerpt":{"rendered":"<ul>\n<li>Unisex<\/li>\n<li>Material: 80% Baumwolle \/ 20% Polyester<\/li>\n<li>Grammatur: 280 g\/m\u00b2<\/li>\n<li>Kapuzenkordel in identischer Farbe<\/li>\n<\/ul>\n","protected":false},"featured_media":1766,"template":"","meta":[],"product_brand":[],"product_cat":[17],"product_tag":[45,44,46,47,43,37],"class_list":{"0":"post-1774","1":"product","2":"type-product","3":"status-publish","4":"has-post-thumbnail","6":"product_cat-hoodies","7":"product_tag-hoodie","8":"product_tag-kapuze","9":"product_tag-langarm","10":"product_tag-oberteil","11":"product_tag-pulli","12":"product_tag-unisex","14":"first","15":"instock","16":"shipping-taxable","17":"product-type-variable"},"_links":{"self":[{"href":"https:\/\/shop.lomestar.de\/7994-7183\/wp-json\/wp\/v2\/product\/1774","targetHints":{"allow":["GET"]}}],"collection":[{"href":"https:\/\/shop.lomestar.de\/7994-7183\/wp-json\/wp\/v2\/product"}],"about":[{"href":"https:\/\/shop.lomestar.de\/7994-7183\/wp-json\/wp\/v2\/types\/product"}],"wp:featuredmedia":[{"embeddable":true,"href":"https:\/\/shop.lomestar.de\/7994-7183\/wp-json\/wp\/v2\/media\/1766"}],"wp:attachment":[{"href":"https:\/\/shop.lomestar.de\/7994-7183\/wp-json\/wp\/v2\/media?parent=1774"}],"wp:term":[{"taxonomy":"product_brand","embeddable":true,"href":"https:\/\/shop.lomestar.de\/7994-7183\/wp-json\/wp\/v2\/product_brand?post=1774"},{"taxonomy":"product_cat","embeddable":true,"href":"https:\/\/shop.lomestar.de\/7994-7183\/wp-json\/wp\/v2\/product_cat?post=1774"},{"taxonomy":"product_tag","embeddable":true,"href":"https:\/\/shop.lomestar.de\/7994-7183\/wp-json\/wp\/v2\/product_tag?post=1774"}],"curies":[{"name":"wp","href":"https:\/\/api.w.org\/{rel}","templated":true}]}}