{"id":1548,"date":"2024-03-20T10:05:37","date_gmt":"2024-03-20T09:05:37","guid":{"rendered":"https:\/\/shop.lomestar.de\/8303-7733\/?post_type=product&#038;p=1548"},"modified":"2024-03-20T13:02:33","modified_gmt":"2024-03-20T12:02:33","slug":"jogginghose","status":"publish","type":"product","link":"https:\/\/shop.lomestar.de\/8303-7733\/produkt\/jogginghose\/","title":{"rendered":"Jogginghose"},"content":{"rendered":"<p>Die Ma\u00dftabellen zur Gr\u00f6\u00dfenermittlung sind bei jedem Artikel hinterlegt.<br \/>\nDazu einfach ein \u00e4hnliches Textil aus dem Kleiderschrank, das dir gut passt vor dich hinlegen und dieses von oben nach unten und von links nach rechts (unter den Achseln) vermessen.<br \/>\nDiese Ma\u00dfe dann mit der angegebenen Tabelle vergleichen und deine Gr\u00f6\u00dfe w\u00e4hlen.<\/p>\n","protected":false},"excerpt":{"rendered":"<p>\u2022 Grammatur: 280 g\/m\u00b2<br \/>\n\u2022 Material: 80% Baumwolle, 20% Polyester<\/p>\n","protected":false},"featured_media":1572,"template":"","meta":[],"product_brand":[],"product_cat":[100],"product_tag":[98,96,97,99,95],"class_list":{"0":"post-1548","1":"product","2":"type-product","3":"status-publish","4":"has-post-thumbnail","6":"product_cat-jogginghosen","7":"product_tag-hose","8":"product_tag-jogger","9":"product_tag-jogginghose","10":"product_tag-lang","11":"product_tag-pants","13":"first","14":"instock","15":"shipping-taxable","16":"product-type-variable"},"_links":{"self":[{"href":"https:\/\/shop.lomestar.de\/8303-7733\/wp-json\/wp\/v2\/product\/1548","targetHints":{"allow":["GET"]}}],"collection":[{"href":"https:\/\/shop.lomestar.de\/8303-7733\/wp-json\/wp\/v2\/product"}],"about":[{"href":"https:\/\/shop.lomestar.de\/8303-7733\/wp-json\/wp\/v2\/types\/product"}],"wp:featuredmedia":[{"embeddable":true,"href":"https:\/\/shop.lomestar.de\/8303-7733\/wp-json\/wp\/v2\/media\/1572"}],"wp:attachment":[{"href":"https:\/\/shop.lomestar.de\/8303-7733\/wp-json\/wp\/v2\/media?parent=1548"}],"wp:term":[{"taxonomy":"product_brand","embeddable":true,"href":"https:\/\/shop.lomestar.de\/8303-7733\/wp-json\/wp\/v2\/product_brand?post=1548"},{"taxonomy":"product_cat","embeddable":true,"href":"https:\/\/shop.lomestar.de\/8303-7733\/wp-json\/wp\/v2\/product_cat?post=1548"},{"taxonomy":"product_tag","embeddable":true,"href":"https:\/\/shop.lomestar.de\/8303-7733\/wp-json\/wp\/v2\/product_tag?post=1548"}],"curies":[{"name":"wp","href":"https:\/\/api.w.org\/{rel}","templated":true}]}}