{"id":1004,"date":"2020-09-24T15:01:36","date_gmt":"2020-09-24T13:01:36","guid":{"rendered":"http:\/\/shop.lomestar.de\/vorlage-bezahlfunktion\/?page_id=1004"},"modified":"2023-04-20T11:09:19","modified_gmt":"2023-04-20T09:09:19","slug":"hilfe","status":"publish","type":"page","link":"https:\/\/shop.lomestar.de\/9757-5961\/hilfe\/","title":{"rendered":"Hilfe"},"content":{"rendered":"\n<figure class=\"wp-block-image size-large\"><a href=\"https:\/\/lomestar.de\/abschluss-shirts\/\" target=\"_blank\" rel=\"noopener\"><img loading=\"lazy\" decoding=\"async\" width=\"1024\" height=\"200\" src=\"https:\/\/shop.lomestar.de\/9757-5961\/wp-content\/uploads\/sites\/62\/2021\/11\/Banner_Abschluss-1024x200.jpg\" alt=\"\" class=\"wp-image-1095\" srcset=\"https:\/\/shop.lomestar.de\/9757-5961\/wp-content\/uploads\/sites\/62\/2021\/11\/Banner_Abschluss-1024x200.jpg 1024w, https:\/\/shop.lomestar.de\/9757-5961\/wp-content\/uploads\/sites\/62\/2021\/11\/Banner_Abschluss-300x59.jpg 300w, https:\/\/shop.lomestar.de\/9757-5961\/wp-content\/uploads\/sites\/62\/2021\/11\/Banner_Abschluss-768x150.jpg 768w, https:\/\/shop.lomestar.de\/9757-5961\/wp-content\/uploads\/sites\/62\/2021\/11\/Banner_Abschluss-1536x300.jpg 1536w, https:\/\/shop.lomestar.de\/9757-5961\/wp-content\/uploads\/sites\/62\/2021\/11\/Banner_Abschluss-2048x400.jpg 2048w, https:\/\/shop.lomestar.de\/9757-5961\/wp-content\/uploads\/sites\/62\/2021\/11\/Banner_Abschluss-416x81.jpg 416w\" sizes=\"auto, (max-width: 1024px) 100vw, 1024px\" \/><\/a><\/figure>\n\n\n\n<h2 class=\"wp-block-heading\">Wer ist mein Ansprechpartner?<\/h2>\n\n\n\n<p>Dein Ansprechpartner ist Herr Steffl.<\/p>\n\n\n\n<h2 class=\"wp-block-heading\">Wo finde ich die Ma\u00dftabellen und wie nutze ich diese?<\/h2>\n\n\n\n<p>Die Ma\u00dftabellen zur Gr\u00f6\u00dfenermittlung sind bei jedem Artikel hinterlegt. Dazu einfach ein \u00e4hnliches Textil aus dem Kleiderschrank, dass dir gut passt vor dich hinlegen und dieses von oben nach unten und von links nach rechts (unter den Achseln) vermessen. Diese Ma\u00dfe dann mit der angegebenen Tabelle vergleichen und deine Gr\u00f6\u00dfe w\u00e4hlen.<\/p>\n\n\n\n<h2 class=\"wp-block-heading\">Wie l\u00e4uft die Bezahlung ab?<\/h2>\n\n\n\n<p>Bitte gebe das Geld passend in einem Umschlag bei deiner\/m Klassenlehrer\/in ab. Auf dem Umschlag sollte dein Name, deine Klasse und deine Bestellnummer stehen.<\/p>\n\n\n\n<h2 class=\"wp-block-heading\">Gibt es ein Umtauschrecht? <\/h2>\n\n\n\n<p>Ein Umtauschrecht besteht bei individuell nach Kundenw\u00fcnschen&nbsp;veredelten Textilien nicht.<br>Eine Reklamation&nbsp;von fehlerhafter Ware oder falscher Lieferung ist nat\u00fcrlich&nbsp;ausgenommen. <\/p>\n\n\n\n<h2 class=\"wp-block-heading\" id=\"block-a641b3e5-9e90-4eeb-a396-8ee9e18574d1\">Wann erhalte ich meine bestellten Textilien?<\/h2>\n\n\n\n<p>Die Bestellfrist l\u00e4uft voraussichtlich bis zum 25.05.2023. Danach wird die Bestellung nach R\u00fccksprache mit den Ansprechpartnern der Schule ausgel\u00f6st und die Produktion in die Wege geleitet. Von da an dauert es ca. 25 Arbeitstage bis deine Textilien gefertigt worden sind.<\/p>\n\n\n\n<p><strong>Hinweis:<\/strong>&nbsp;Sollte unsere Mindestbestellmenge von 25 bis dahin nicht erreicht sein, kann sich die Lieferung auf unbestimmte Zeit verz\u00f6gern.<\/p>\n\n\n\n<p>Bei Fragen wende dich bitte an deinen Ansprechpartner.<\/p>\n","protected":false},"excerpt":{"rendered":"<p>Wer ist mein Ansprechpartner? Dein Ansprechpartner ist Herr Steffl. Wo finde ich die Ma\u00dftabellen und wie nutze ich diese? Die Ma\u00dftabellen zur Gr\u00f6\u00dfenermittlung sind bei jedem Artikel hinterlegt. Dazu einfach ein \u00e4hnliches Textil aus dem Kleiderschrank, dass dir gut passt vor dich hinlegen und dieses von oben nach unten und von links nach rechts (unter [&hellip;]<\/p>\n","protected":false},"author":1,"featured_media":0,"parent":0,"menu_order":0,"comment_status":"closed","ping_status":"closed","template":"","meta":{"footnotes":""},"class_list":["post-1004","page","type-page","status-publish","hentry"],"_links":{"self":[{"href":"https:\/\/shop.lomestar.de\/9757-5961\/wp-json\/wp\/v2\/pages\/1004","targetHints":{"allow":["GET"]}}],"collection":[{"href":"https:\/\/shop.lomestar.de\/9757-5961\/wp-json\/wp\/v2\/pages"}],"about":[{"href":"https:\/\/shop.lomestar.de\/9757-5961\/wp-json\/wp\/v2\/types\/page"}],"author":[{"embeddable":true,"href":"https:\/\/shop.lomestar.de\/9757-5961\/wp-json\/wp\/v2\/users\/1"}],"replies":[{"embeddable":true,"href":"https:\/\/shop.lomestar.de\/9757-5961\/wp-json\/wp\/v2\/comments?post=1004"}],"version-history":[{"count":13,"href":"https:\/\/shop.lomestar.de\/9757-5961\/wp-json\/wp\/v2\/pages\/1004\/revisions"}],"predecessor-version":[{"id":1437,"href":"https:\/\/shop.lomestar.de\/9757-5961\/wp-json\/wp\/v2\/pages\/1004\/revisions\/1437"}],"wp:attachment":[{"href":"https:\/\/shop.lomestar.de\/9757-5961\/wp-json\/wp\/v2\/media?parent=1004"}],"curies":[{"name":"wp","href":"https:\/\/api.w.org\/{rel}","templated":true}]}}